{"id":17,"date":"2012-10-11T10:28:47","date_gmt":"2012-10-11T08:28:47","guid":{"rendered":"http:\/\/badania.net\/scl\/?page_id=17"},"modified":"2026-05-08T16:55:16","modified_gmt":"2026-05-08T14:55:16","slug":"people","status":"publish","type":"page","link":"https:\/\/badania.net\/scl\/people\/","title":{"rendered":"Lab members"},"content":{"rendered":"<p><b>Lab Members<\/b><\/p>\n<table class=\"table\">\n<thead>\n<tr>\n<th scope=\"col\">Member<\/th>\n<th scope=\"col\">Title<\/th>\n<th scope=\"col\">Name<\/th>\n<th scope=\"col\">Contact<\/th>\n<\/tr>\n<\/thead>\n<tbody>\n<tr>\n<th scope=\"row\"><img loading=\"lazy\" decoding=\"async\" class=\"alignleft size-thumbnail wp-image-825\" src=\"https:\/\/badania.net\/scl\/wp-content\/uploads\/2019\/04\/DSC_5512-150x150.jpg\" alt=\"\" width=\"150\" height=\"150\" srcset=\"https:\/\/badania.net\/scl\/wp-content\/uploads\/2019\/04\/DSC_5512-150x150.jpg 150w, https:\/\/badania.net\/scl\/wp-content\/uploads\/2019\/04\/DSC_5512-100x100.jpg 100w\" sizes=\"auto, (max-width: 150px) 100vw, 150px\" \/><\/th>\n<td>dr, prof. SWPS<\/td>\n<td>Wies\u0142aw Bary\u0142a<\/td>\n<td><a href=\"mailto:wbaryla@swps.edu.pl\" target=\"_blank\" rel=\"noopener noreferrer\">wbaryla@swps.edu.pl<\/a><\/td>\n<\/tr>\n<tr>\n<th scope=\"row\"><img loading=\"lazy\" decoding=\"async\" class=\"alignleft size-thumbnail wp-image-830\" src=\"https:\/\/badania.net\/scl\/wp-content\/uploads\/2019\/04\/DSC_5579-150x150.jpg\" alt=\"\" width=\"150\" height=\"150\" srcset=\"https:\/\/badania.net\/scl\/wp-content\/uploads\/2019\/04\/DSC_5579-150x150.jpg 150w, https:\/\/badania.net\/scl\/wp-content\/uploads\/2019\/04\/DSC_5579-100x100.jpg 100w\" sizes=\"auto, (max-width: 150px) 100vw, 150px\" \/><\/th>\n<td>dr<\/td>\n<td>R\u00f3\u017ca Bazi\u0144ska<\/td>\n<td><a href=\"mailto:rbazinska@swps.edu.pl\" target=\"_blank\" rel=\"noopener noreferrer\">rbazinska@swps.edu.pl<\/a><\/td>\n<\/tr>\n<tr>\n<th scope=\"row\"><img loading=\"lazy\" decoding=\"async\" class=\"alignleft size-thumbnail wp-image-825\" src=\"https:\/\/badania.net\/scl\/wp-content\/uploads\/2019\/04\/Konrad_Bocian-150x150.jpg\" alt=\"\" width=\"150\" height=\"150\" \/><\/th>\n<td>dr hab., prof. SWPS<\/td>\n<td>Konrad Bocian<\/td>\n<td><a href=\"mailto:kbocian1@swps.edu.pl\" target=\"_blank\" rel=\"noopener noreferrer\">kbocian1@swps.edu.pl<\/a><\/td>\n<\/tr>\n<tr>\n<th scope=\"row\"><img loading=\"lazy\" decoding=\"async\" class=\"alignleft size-thumbnail wp-image-858\" src=\"https:\/\/badania.net\/scl\/wp-content\/uploads\/2019\/04\/zdj\u0119cie-na-stron\u0119-e1554286719310-150x150.jpg\" alt=\"\" width=\"150\" height=\"150\" srcset=\"https:\/\/badania.net\/scl\/wp-content\/uploads\/2019\/04\/zdj\u0119cie-na-stron\u0119-e1554286719310-150x150.jpg 150w, https:\/\/badania.net\/scl\/wp-content\/uploads\/2019\/04\/zdj\u0119cie-na-stron\u0119-e1554286719310-100x100.jpg 100w\" sizes=\"auto, (max-width: 150px) 100vw, 150px\" \/><\/th>\n<td>dr<\/td>\n<td>Eufrozyna Gruszecka<\/td>\n<td><a href=\"mailto:egruszecka@swps.edu.pl\" target=\"_blank\" rel=\"noopener noreferrer\">egruszecka@swps.edu.pl<\/a><\/td>\n<\/tr>\n<tr>\n<th scope=\"row\"><img loading=\"lazy\" decoding=\"async\" class=\"alignleft size-thumbnail wp-image-858\" src=\"https:\/\/swps.pl\/images-old\/2015\/Pracownicy\/258_Romana_Kadzikowska-Wrzosek_b.webp\" alt=\"\" width=\"150\" height=\"150\" \/><\/th>\n<td>dr hab., prof. SWPS<\/td>\n<td>Romana Kadzikowska-Wrzosek<\/td>\n<td><a href=\"mailto:rkadzikowska-wrzosek@swps.edu.pl\" target=\"_blank\" rel=\"noopener noreferrer\">rkadzikowska-wrzosek@swps.edu.pl<\/a><\/td>\n<\/tr>\n<tr>\n<th scope=\"row\"><a href=\"https:\/\/badania.net\/scl\/wp-content\/uploads\/2026\/04\/Przechwytywanie111.jpg\"><img loading=\"lazy\" decoding=\"async\" class=\"alignnone wp-image-1126 size-medium\" src=\"https:\/\/badania.net\/scl\/wp-content\/uploads\/2026\/04\/Przechwytywanie111-293x300.jpg\" alt=\"\" width=\"293\" height=\"300\" srcset=\"https:\/\/badania.net\/scl\/wp-content\/uploads\/2026\/04\/Przechwytywanie111-293x300.jpg 293w, https:\/\/badania.net\/scl\/wp-content\/uploads\/2026\/04\/Przechwytywanie111.jpg 655w\" sizes=\"auto, (max-width: 293px) 100vw, 293px\" \/><\/a><\/th>\n<td>mgr<\/td>\n<td>Magdalena Marsza\u0142ek<\/td>\n<td><a href=\"mailto:mmarszalek@swps.edu.pl\" target=\"_blank\" rel=\"noopener noreferrer\">mmarszalek@swps.edu.pl<\/a><\/td>\n<\/tr>\n<tr>\n<th scope=\"row\"><img loading=\"lazy\" decoding=\"async\" class=\"alignleft size-thumbnail wp-image-825\" src=\"https:\/\/badania.net\/scl\/wp-content\/uploads\/2019\/04\/DSC_5427-150x150.jpg\" alt=\"\" width=\"150\" height=\"150\" \/><\/th>\n<td>dr<\/td>\n<td>Katarzyna My\u015bli\u0144ska-Szarek<\/td>\n<td><a href=\"mailto:kmyslinska-szarek@swps.edu.pl\" target=\"_blank\" rel=\"noopener noreferrer\">kmyslinska-szarek@swps.edu.pl<\/a><\/td>\n<\/tr>\n<tr>\n<th scope=\"row\"><img loading=\"lazy\" decoding=\"async\" class=\"alignleft size-thumbnail wp-image-832\" src=\"https:\/\/badania.net\/scl\/wp-content\/uploads\/2019\/04\/DSC_5377-1-150x150.jpg\" alt=\"\" width=\"150\" height=\"150\" srcset=\"https:\/\/badania.net\/scl\/wp-content\/uploads\/2019\/04\/DSC_5377-1-150x150.jpg 150w, https:\/\/badania.net\/scl\/wp-content\/uploads\/2019\/04\/DSC_5377-1-100x100.jpg 100w\" sizes=\"auto, (max-width: 150px) 100vw, 150px\" \/><\/th>\n<td>dr hab., prof. SWPS<\/td>\n<td>Michal Parzuchowski<\/td>\n<td><a href=\"mailto:mparzuchowski@swps.edu.pl\" target=\"_blank\" rel=\"noopener noreferrer\">mparzuchowski@swps.edu.pl<\/a><\/td>\n<\/tr>\n<tr>\n<th scope=\"row\"><img loading=\"lazy\" decoding=\"async\" class=\"alignleft size-thumbnail wp-image-825\" src=\"https:\/\/badania.net\/scl\/wp-content\/uploads\/2019\/04\/DSC_5497-150x150.jpg\" alt=\"\" width=\"150\" height=\"150\" \/><\/th>\n<td>dr<\/td>\n<td>Agnieszka Pop\u0142awska<\/td>\n<td><a href=\"mailto:apoplawska1@swps.edu.pl\" target=\"_blank\" rel=\"noopener noreferrer\">apoplawska1@swps.edu.pl<\/a><\/td>\n<\/tr>\n<tr>\n<th scope=\"row\"><img loading=\"lazy\" decoding=\"async\" class=\"alignleft size-thumbnail wp-image-825\" src=\"https:\/\/badania.net\/scl\/wp-content\/uploads\/2019\/04\/DSC_5529-150x150.jpg\" alt=\"\" width=\"150\" height=\"150\" \/><\/th>\n<td>dr<\/td>\n<td>Aleksandra Rabinovitch<\/td>\n<td><a href=\"mailto:arabinovitch@swps.edu.pl\" target=\"_blank\" rel=\"noopener noreferrer\">arabinovitch@swps.edu.pl<\/a><\/td>\n<\/tr>\n<tr>\n<th scope=\"row\"><em>(currently at Karolinska Institutet)<\/em><\/th>\n<td>dr<\/td>\n<td>Marta Roczniewska<\/td>\n<td><a href=\"mailto:mroczniewska@swps.edu.pl\" target=\"_blank\" rel=\"noopener noreferrer\">mroczniewska@swps.edu.pl <\/a><\/td>\n<\/tr>\n<tr>\n<th scope=\"row\"><img loading=\"lazy\" decoding=\"async\" class=\"size-thumbnail wp-image-825 alignleft\" src=\"https:\/\/badania.net\/scl\/wp-content\/uploads\/2019\/04\/DSC_5501-150x150.jpg\" alt=\"\" width=\"150\" height=\"150\" \/><\/th>\n<td>dr hab., prof.SWPS<\/td>\n<td>Sylwiusz Retowski<\/td>\n<td><a href=\"mailto:sretowski@swps.edu.pl\" target=\"_blank\" rel=\"noopener noreferrer\">sretowski@swps.edu.pl<\/a><\/td>\n<\/tr>\n<tr>\n<th scope=\"row\"><img loading=\"lazy\" decoding=\"async\" class=\"alignleft size-thumbnail wp-image-825\" src=\"https:\/\/badania.net\/scl\/wp-content\/uploads\/2019\/04\/DSC_5623-150x150.jpg\" alt=\"\" width=\"150\" height=\"150\" \/><\/th>\n<td>dr<\/td>\n<td>Anna Struzynska-Kujalowicz<\/td>\n<td><a href=\"mailto:astruzynska-kujalowicz@swps.edu.pl\" target=\"_blank\" rel=\"noopener noreferrer\">astruzynska-kujalowicz@swps.edu.pl<\/a><\/td>\n<\/tr>\n<tr>\n<th scope=\"row\"><img loading=\"lazy\" decoding=\"async\" class=\"alignleft size-thumbnail wp-image-825\" src=\"https:\/\/badania.net\/scl\/wp-content\/uploads\/2019\/04\/DSC_5543-150x150.jpg\" alt=\"\" width=\"150\" height=\"150\" \/><\/th>\n<td>prof. dr hab.<\/td>\n<td>Bogdan Wojciszke<\/td>\n<td><a href=\"mailto:bwojcisz@swps.edu.pl\" target=\"_blank\" rel=\"noopener noreferrer\">bwojcisz@swps.edu.pl<\/a><\/td>\n<\/tr>\n<\/tbody>\n<\/table>\n<p><b>PhD Candidates<\/b><\/p>\n<table class=\"table\">\n<thead>\n<tr>\n<th scope=\"col\">Member<\/th>\n<th scope=\"col\">Title<\/th>\n<th scope=\"col\">Name<\/th>\n<th scope=\"col\">Contact<\/th>\n<\/tr>\n<\/thead>\n<tbody>\n<tr>\n<th><\/th>\n<td>mgr<\/p>\n<p>mgr<\/p>\n<p>&nbsp;<\/td>\n<td>Katarzyna Miazek<\/p>\n<p>Kinga Meler<\/p>\n<p>&nbsp;<\/td>\n<td><a href=\"mailto:mailto:kmiazek@swps.edu.pl\" target=\"_blank\" rel=\"noopener\">kmiazek@swps.edu.pl<\/a><\/p>\n<p>kmeler@swps.edu.pl<\/p>\n<p>&nbsp;<\/td>\n<\/tr>\n<\/tbody>\n<\/table>\n<p><b>Lab Alumni<\/b><\/p>\n<table class=\"table\">\n<tbody>\n<tr>\n<td>mgr Katarzyna Rybus<\/td>\n<\/tr>\n<tr>\n<td>mgr Inga Opali\u0144ska<\/td>\n<\/tr>\n<tr>\n<td>dr Olga Bia\u0142obrzeska (currently at SWPS Warsaw)<\/td>\n<\/tr>\n<tr>\n<td>dr Katarzyna Cantarero (currently at SWPS University Wroclaw)<\/td>\n<\/tr>\n<tr>\n<td>dr Natalia Frankowska (currently at SWPS Warsaw)<\/td>\n<\/tr>\n<tr>\n<td>dr Micha\u0142 K\u0142osowski (currently at Wroclaw University)<\/td>\n<\/tr>\n<tr>\n<td>dr Marta Wro\u0144ska (currently at University of Groningen)<\/td>\n<\/tr>\n<tr>\n<td>mgr Kamila Kaffka-Skierka<\/td>\n<\/tr>\n<tr>\n<td>dr Natalia Szostak<\/td>\n<\/tr>\n<tr>\n<td>mgr Julia Sa\u0144czyk<\/td>\n<\/tr>\n<tr>\n<td>dr Jaros\u0142aw Piotrowski (currently at UKSW Warsaw)<\/td>\n<\/tr>\n<tr>\n<td>mgr Michalina Ta\u0144ska (currently at Jagiellonian University)<\/td>\n<\/tr>\n<\/tbody>\n<\/table>\n<hr \/>\n<h3><b><a href=\"http:\/\/www.badania.net\/sona\/\">Sona Research Pool<\/a> coordinator<\/b><\/h3>\n<p><img loading=\"lazy\" decoding=\"async\" class=\"alignleft size-thumbnail wp-image-825\" src=\"https:\/\/badania.net\/scl\/wp-content\/uploads\/2019\/04\/DSC_5381-150x150.jpg\" alt=\"\" width=\"150\" height=\"150\" \/><\/p>\n<p>Kamil Tomaszewski,<\/p>\n<p><a href=\"mailto:ktomaszewski@swps.edu.pl\" target=\"_blank\" rel=\"noopener\">ktomaszewski2@swps.edu.pl<\/a><\/p>\n<p>&nbsp;<\/p>\n<h3><b>Visiting students<\/b><\/h3>\n<p><a href=\"https:\/\/badania.net\/scl\/contact\/\">If you&#8217;d like to join our Center.\u00a0 Please drop us a line.<\/a><\/p>\n","protected":false},"excerpt":{"rendered":"<p>Lab Members Member Title Name Contact dr, prof. SWPS Wies\u0142aw Bary\u0142a wbaryla@swps.edu.pl dr R\u00f3\u017ca Bazi\u0144ska rbazinska@swps.edu.pl dr hab., prof. SWPS Konrad Bocian kbocian1@swps.edu.pl dr Eufrozyna Gruszecka egruszecka@swps.edu.pl dr hab., prof. SWPS Romana Kadzikowska-Wrzosek rkadzikowska-wrzosek@swps.edu.pl mgr Magdalena Marsza\u0142ek mmarszalek@swps.edu.pl dr Katarzyna My\u015bli\u0144ska-Szarek kmyslinska-szarek@swps.edu.pl dr hab., prof. SWPS Michal Parzuchowski mparzuchowski@swps.edu.pl dr Agnieszka Pop\u0142awska apoplawska1@swps.edu.pl dr Aleksandra &hellip; <\/p>\n<p class=\"link-more\"><a href=\"https:\/\/badania.net\/scl\/people\/\" class=\"more-link\">Continue reading<span class=\"screen-reader-text\"> &#8220;Lab members&#8221;<\/span><\/a><\/p>\n","protected":false},"author":10,"featured_media":0,"parent":0,"menu_order":1,"comment_status":"closed","ping_status":"closed","template":"","meta":{"footnotes":""},"class_list":["post-17","page","type-page","status-publish","hentry"],"_links":{"self":[{"href":"https:\/\/badania.net\/scl\/wp-json\/wp\/v2\/pages\/17","targetHints":{"allow":["GET"]}}],"collection":[{"href":"https:\/\/badania.net\/scl\/wp-json\/wp\/v2\/pages"}],"about":[{"href":"https:\/\/badania.net\/scl\/wp-json\/wp\/v2\/types\/page"}],"author":[{"embeddable":true,"href":"https:\/\/badania.net\/scl\/wp-json\/wp\/v2\/users\/10"}],"replies":[{"embeddable":true,"href":"https:\/\/badania.net\/scl\/wp-json\/wp\/v2\/comments?post=17"}],"version-history":[{"count":159,"href":"https:\/\/badania.net\/scl\/wp-json\/wp\/v2\/pages\/17\/revisions"}],"predecessor-version":[{"id":1134,"href":"https:\/\/badania.net\/scl\/wp-json\/wp\/v2\/pages\/17\/revisions\/1134"}],"wp:attachment":[{"href":"https:\/\/badania.net\/scl\/wp-json\/wp\/v2\/media?parent=17"}],"curies":[{"name":"wp","href":"https:\/\/api.w.org\/{rel}","templated":true}]}}