{"id":224,"date":"2015-01-21T16:07:19","date_gmt":"2015-01-21T14:07:19","guid":{"rendered":"http:\/\/badania.net\/scl\/?page_id=224"},"modified":"2019-01-25T23:20:12","modified_gmt":"2019-01-25T21:20:12","slug":"howtogethere","status":"publish","type":"page","link":"https:\/\/badania.net\/scl\/howtogethere\/","title":{"rendered":"How to get here?"},"content":{"rendered":"<p><strong>Lab&#8217;s address is SWPS University Polna 16\/20 81-745 Sopot, Poland (room# 4.1).<\/strong><\/p>\n<p>Sopot is the middle of three cities Gda\u0144sk, Sopot and Gdynia (as we call it Tricity &#8211; Trojmiasto) and lies on the beautiful coast of Baltic Sea.<\/p>\n<p><a href=\"https:\/\/www.youtube.com\/watch?v=AKAHTrXCsmk\">https:\/\/www.youtube.com\/watch?v=AKAHTrXCsmk<\/a><\/p>\n<p><\/br><strong>TRAIN<\/strong>: The closest railway station is Sopot Wyscigi and only local trains <a href=\"http:\/\/www.skm.pkp.pl\">SKM<\/a> from Gda\u0144sk and Gdynia will stop here. SKM train from Gda\u0144sk G\u0142\u00f3wny (platforms 3-5) takes around 20 minutes. The SKM train from Gdynia G\u0142\u00f3wna (platform 1) takes 15 minutes.<br \/>\n<\/br><\/p>\n<p><strong>AIR<\/strong>: The closest airport to Sopot is <a href=\"http:\/\/www.airport.gdansk.pl\/\">Gdansk Lech Walesa Airport<\/a> (GDN).<\/p>\n<p><strong>TAXI.<\/strong> You can order a taxi using a parking located in front of the main entrance to the passenger terminal, serviced by \u201e<a href=\"http:\/\/www.cph.gda.pl\/\">CITY PLUS NEPTUN TAXI<\/a>\u201d (using this company should get you to Sopot for around 70-100 PLN).<br \/>\n<\/br><\/p>\n<p><strong>BUS.<\/strong> You can also take the city bus no <strong>122<\/strong> to travel from the Gdansk\u2019s airport to Sopot (single ride, normal ticket is 3,60 PLN; <a href=\"http:\/\/www.ztm.gda.pl\/rozklady\/rozklad-122_20140426-1-2.html\">schedule<\/a>). You can buy the ticket using the\u00a0ticket machine or from the bus driver &#8211;<span style=\"text-decoration: underline;\">\u00a0please note that you must also validate your ticket in the bus<\/span>). Leave the bus at POLNA Str (you need to press the stop button to get off there). <\/br><\/p>\n","protected":false},"excerpt":{"rendered":"<p>Lab&#8217;s address is SWPS University Polna 16\/20 81-745 Sopot, Poland (room# 4.1). Sopot is the middle of three cities Gda\u0144sk, Sopot and Gdynia (as we call it Tricity &#8211; Trojmiasto) and lies on the beautiful coast of Baltic Sea. TRAIN: The closest railway station is Sopot Wyscigi and only local trains SKM from Gda\u0144sk and &hellip; <\/p>\n<p class=\"link-more\"><a href=\"https:\/\/badania.net\/scl\/howtogethere\/\" class=\"more-link\">Continue reading<span class=\"screen-reader-text\"> &#8220;How to get here?&#8221;<\/span><\/a><\/p>\n","protected":false},"author":1,"featured_media":0,"parent":0,"menu_order":0,"comment_status":"closed","ping_status":"closed","template":"","meta":{"footnotes":""},"class_list":["post-224","page","type-page","status-publish","hentry"],"_links":{"self":[{"href":"https:\/\/badania.net\/scl\/wp-json\/wp\/v2\/pages\/224","targetHints":{"allow":["GET"]}}],"collection":[{"href":"https:\/\/badania.net\/scl\/wp-json\/wp\/v2\/pages"}],"about":[{"href":"https:\/\/badania.net\/scl\/wp-json\/wp\/v2\/types\/page"}],"author":[{"embeddable":true,"href":"https:\/\/badania.net\/scl\/wp-json\/wp\/v2\/users\/1"}],"replies":[{"embeddable":true,"href":"https:\/\/badania.net\/scl\/wp-json\/wp\/v2\/comments?post=224"}],"version-history":[{"count":40,"href":"https:\/\/badania.net\/scl\/wp-json\/wp\/v2\/pages\/224\/revisions"}],"predecessor-version":[{"id":724,"href":"https:\/\/badania.net\/scl\/wp-json\/wp\/v2\/pages\/224\/revisions\/724"}],"wp:attachment":[{"href":"https:\/\/badania.net\/scl\/wp-json\/wp\/v2\/media?parent=224"}],"curies":[{"name":"wp","href":"https:\/\/api.w.org\/{rel}","templated":true}]}}