{"id":5,"date":"2012-10-11T09:02:23","date_gmt":"2012-10-11T07:02:23","guid":{"rendered":"http:\/\/badania.net\/scl\/?page_id=5"},"modified":"2019-02-07T18:16:00","modified_gmt":"2019-02-07T16:16:00","slug":"collaborators","status":"publish","type":"page","link":"https:\/\/badania.net\/scl\/collaborators\/","title":{"rendered":"Collaborators"},"content":{"rendered":"<p>prof. <a href=\"http:\/\/www.sozialpsychologie.phil.uni-erlangen.de\/team\/andrea_abele_brehm.shtml\">Andrea Abele-Brehm<\/a><br \/>\nUniversit\u00e4t Erlangen-N\u00fcrnberg, Germany<\/p>\n<p>prof. <a href=\"https:\/\/www.sozialpsychologie.phil.fau.de\/person\/prof-dr-susanne-bruckmueller\/\">Susanne Bruckm\u00fcller<\/a><br \/>\nUniversit\u00e4t Erlangen-N\u00fcrnberg, Germany<\/p>\n<p>dr <a href=\"http:\/\/psychologia.umk.pl\/about-us\/dr-Aleksandra-Cislak\">Aleksandra Cislak<\/a><br \/>\nUniversity of Social Sciences &amp; Humanities, Warsaw Poland<\/p>\n<p>dr <a href=\"http:\/\/www.soz.psy.unibe.ch\/content\/ueber_uns\/team\/dr_magdalena_formanowicz\/index_ger.html\">Magdalena Formanowicz<\/a><br \/>\nUniversity of Surrey, UK<\/p>\n<p>prof. <a href=\"http:\/\/www.unifr.ch\/psycho\/staff\/gygax-pascal\" target=\"_blank\" rel=\"noopener\">Pascal Gygax<\/a><br \/>\nUniversity of Fribourg, Switzerland<\/p>\n<p>prof.\u00a0<a href=\"http:\/\/www.hansijzerman.org\/\" target=\"_blank\" rel=\"noopener\">Hans IJzerman<\/a><br \/>\nTilburg University, The Netherlands<\/p>\n<p>dr <a href=\"http:\/\/www.soz.psy.unibe.ch\/content\/ueber_uns\/team\/dr_agnieszka_pietraszkiewicz\/index_ger.html\">Agnieszka Pietraszkiewicz<\/a><br \/>\nUniversity of Bern, Switzerland<\/p>\n<p>prof. <a href=\"https:\/\/simoneschnall.com\/\">Simone Schnall<\/a><br \/>\nCambridge University, UK <\/p>\n","protected":false},"excerpt":{"rendered":"<p>prof. Andrea Abele-Brehm Universit\u00e4t Erlangen-N\u00fcrnberg, Germany prof. Susanne Bruckm\u00fcller Universit\u00e4t Erlangen-N\u00fcrnberg, Germany dr Aleksandra Cislak University of Social Sciences &amp; Humanities, Warsaw Poland dr Magdalena Formanowicz University of Surrey, UK prof. Pascal Gygax University of Fribourg, Switzerland prof.\u00a0Hans IJzerman Tilburg University, The Netherlands dr Agnieszka Pietraszkiewicz University of Bern, Switzerland prof. Simone Schnall Cambridge University, &hellip; <\/p>\n<p class=\"link-more\"><a href=\"https:\/\/badania.net\/scl\/collaborators\/\" class=\"more-link\">Continue reading<span class=\"screen-reader-text\"> &#8220;Collaborators&#8221;<\/span><\/a><\/p>\n","protected":false},"author":1,"featured_media":0,"parent":0,"menu_order":3,"comment_status":"closed","ping_status":"closed","template":"","meta":{"footnotes":""},"class_list":["post-5","page","type-page","status-publish","hentry"],"_links":{"self":[{"href":"https:\/\/badania.net\/scl\/wp-json\/wp\/v2\/pages\/5","targetHints":{"allow":["GET"]}}],"collection":[{"href":"https:\/\/badania.net\/scl\/wp-json\/wp\/v2\/pages"}],"about":[{"href":"https:\/\/badania.net\/scl\/wp-json\/wp\/v2\/types\/page"}],"author":[{"embeddable":true,"href":"https:\/\/badania.net\/scl\/wp-json\/wp\/v2\/users\/1"}],"replies":[{"embeddable":true,"href":"https:\/\/badania.net\/scl\/wp-json\/wp\/v2\/comments?post=5"}],"version-history":[{"count":27,"href":"https:\/\/badania.net\/scl\/wp-json\/wp\/v2\/pages\/5\/revisions"}],"predecessor-version":[{"id":749,"href":"https:\/\/badania.net\/scl\/wp-json\/wp\/v2\/pages\/5\/revisions\/749"}],"wp:attachment":[{"href":"https:\/\/badania.net\/scl\/wp-json\/wp\/v2\/media?parent=5"}],"curies":[{"name":"wp","href":"https:\/\/api.w.org\/{rel}","templated":true}]}}