{"id":600,"date":"2019-01-14T13:25:10","date_gmt":"2019-01-14T11:25:10","guid":{"rendered":"http:\/\/badania.net\/scl\/?page_id=600"},"modified":"2022-06-22T13:54:37","modified_gmt":"2022-06-22T11:54:37","slug":"research-grants","status":"publish","type":"page","link":"https:\/\/badania.net\/scl\/research-grants\/","title":{"rendered":"Research Grants"},"content":{"rendered":"<p>Our research is financed by the <a href=\"https:\/\/ncn.gov.pl\">National Science Centre<\/a>, the <a href=\"https:\/\/www.fnp.org.p\">Foundation for Polish Science<\/a> and <a href=\"https:\/\/www.dfg.de\/\">Deutsche Forschungsgemeinschaft<\/a> (Germany).<\/p>\n<p><img decoding=\"async\" src=\"https:\/\/ncn.gov.pl\/sites\/all\/themes\/ncn-nowa\/img\/logo-en.png\" width=\"300\" \/><br \/>\n<a href=\"https:\/\/badania.net\/scl\/wp-content\/uploads\/2019\/01\/FNPlogoKOLORpl.jpg\"><img loading=\"lazy\" decoding=\"async\" class=\"alignleft size-medium wp-image-727\" src=\"https:\/\/badania.net\/scl\/wp-content\/uploads\/2019\/01\/FNPlogoKOLORpl-300x98.jpg\" alt=\"\" width=\"300\" height=\"98\" srcset=\"https:\/\/badania.net\/scl\/wp-content\/uploads\/2019\/01\/FNPlogoKOLORpl-300x98.jpg 300w, https:\/\/badania.net\/scl\/wp-content\/uploads\/2019\/01\/FNPlogoKOLORpl-768x250.jpg 768w, https:\/\/badania.net\/scl\/wp-content\/uploads\/2019\/01\/FNPlogoKOLORpl-1024x334.jpg 1024w, https:\/\/badania.net\/scl\/wp-content\/uploads\/2019\/01\/FNPlogoKOLORpl.jpg 1564w\" sizes=\"auto, (max-width: 300px) 100vw, 300px\" \/><\/a><br \/>\n<img decoding=\"async\" src=\"https:\/\/www.dfg.de\/includes\/images\/layout\/dfg_logo_schriftzug.svg\" width=\"300\" \/><\/p>\n<h2><strong>Current projects<\/strong><\/h2>\n<p>SONATA 17 Grant \u201c<b>Egocentric judgements of moral character: Mechanisms, individual differences and debiasing strategies<\/b>\u201d (2022-2025), (PI:\u00a0<strong>Bocian<\/strong>) financed by the National Science Centre (NCN)<\/p>\n<p>GRIEG Grant <a href=\"https:\/\/projekty.ncn.gov.pl\/index.php?projekt_id=453654\" target=\"_blank\" rel=\"noopener\"><strong>&#8220;Integrowanie psychologii z nauk\u0105 o rozwoju spo\u0142ecze\u0144stw: Badanie zale\u017cno\u015bci mi\u0119dzy &#8220;potocznymi teoriami rozwoju spo\u0142ecze\u0144stw&#8221; a &#8220;idealnymi typami dobrostanu&#8221; zakrojone na pi\u0119\u0107dziesi\u0105t kraj\u00f3w&#8221;<\/strong> <\/a>(2021-2024), (PI: <strong>Roczniewska<\/strong>) finansowany z funduszy norweskich i funduszy EOG (operator NCN)\u00a0 na lata 2014\u20132021 w ramach programu \u201eBadania\u201d (konsorcjum IP PAN, Uniwersytetu SWPS i Uniwersytetu w Oslo)<\/p>\n<p><strong>&#8220;Job crafting interventions \u2212 what is required for employees to be able to design and redesign their work?&#8221;<\/strong> (2020-2022), (PI: <strong>Roczniewska<\/strong>) financed by Swedish Research Council for Health, Working Life and Welfare (Forte)<\/p>\n<p>OPUS 17 Grant &#8220;<strong><a href=\"https:\/\/ncn.gov.pl\/sites\/default\/files\/listy-rankingowe\/2019-03-15\/streszczenia\/OPUS-17_445486-pl.pdf\" target=\"_blank\" rel=\"noopener noreferrer\">Indywidualizacja zwierz\u0105t i jej zwi\u0105zek z instrumentalnym traktowaniem zwierz\u0105t przez doros\u0142ych i dzieci<\/a><\/strong>&#8221; (2020-2023), (PI: <strong>Niemyjska<\/strong>) financed by the National Science Centre (NCN)<\/p>\n<p>Seedcorn Grant <strong> &#8220;Human and nonhuman agents as a source of social pressure for judgments of moral character&#8221;<\/strong>, (PI: <strong> Bocian<\/strong>) financed by European Association of Social Psychology (EASP)<\/p>\n<p>PRELUDIUM 16 Grant <strong> &#8220;Wp\u0142yw zaanga\u017cowania interesu w\u0142asnego na s\u0105dy moralne dzieci w wieku przedszkolnym&#8221;<\/strong> (2019-2020), (PI: <strong>Myslinska-Szarek, Baryla<\/strong>) financed by the National Science Centre (NCN)<\/p>\n<p>MINIATURA 2 Grant <strong>&#8220;Wykorzystywanie paradygmatu konformizmu normatywnego w domenie s\u0105d\u00f3w moralnych&#8221;<\/strong>, (2019-2020), (PI: <strong>Bocian<\/strong>), financed by the National Science Centre (NCN)<\/p>\n<p>OPUS 15 Grant <strong>&#8220;Poszukiwanie mediator\u00f3w i moderator\u00f3w wp\u0142ywu postaw oraz nastroj\u00f3w na oceny charakteru moralnego&#8221;<\/strong>, (2019-2021), (PI: <strong>Bocian<\/strong>), financed by the National Science Centre (NCN)<\/p>\n<p>BEETHOVEN 2 Grant <strong>&#8220;Understanding the Cognitive Representation of the &#8220;Big Two&#8221; Dimensions of Social Cognition&#8221;<\/strong>, (2018-2020), (PI: <strong>Wojciszke<\/strong> &amp; Bruckm\u00fcller, Co-investigator: <strong>Parzuchowski<\/strong>),\u00a0financed by the National Science Centre (NCN) and Deutsche Forschungsgemeinschaft (Germany)<\/p>\n<p>PRELUDIUM 9 Grant <strong>&#8220;Role of regulatory orientation of a person and organisational culture and work design in response to organisational change&#8221;<\/strong>, 2016-2019 (PI: <strong>Roczniewska<\/strong>),\u00a0financed by the National Science Centre (NCN)<\/p>\n<p>MINIATURA Grant\u00a0<strong>&#8220;Attractiveness of a permanent partner and friend as a moderator of establishing sexual relations in friendships between men and women&#8221;<\/strong>2018-2019\u00a0(PI:<strong> Szymk\u00f3w-Sudziarska<\/strong>),\u00a0financed by the National Science Centre (NCN)<\/p>\n<h2><strong>Past projects<\/strong><\/h2>\n<p>SONATA Grant <strong>&#8220;Sympathetic magic in close relationships&#8221;<\/strong>, 2015-2019, (PI: <strong>Niemyjska<\/strong>), financed by the National Science Centre (NCN)<\/p>\n<p>MISTRZ\u00a0 Grant <strong>Influence of own interest on moral judgements<\/strong>,\u00a0(2012-2014) PI: <strong>Wojciszke<\/strong> (contractors: <strong>Bocian, Parzuchowski, Szymk\u00f3w<\/strong>), financed by Foundation for Polish Science<\/p>\n<p>MAESTRO Grant <strong>&#8220;Psychological consequences of the perpetrator&#8217;s and recipient&#8217;s perspective<\/strong>, (2012-2017) PI: <strong>Wojciszke<\/strong> (contractors: <strong>Bary\u0142a, Bocian, Parzuchowski, Szymk\u00f3w<\/strong>), financed by National Science Centre (NCN)<\/p>\n<p>Visiting Grant at University of Cambridge <strong>&#8220;Attitudinal Influences on Moral Judgment&#8221;<\/strong>, (2017) PI: <strong>Wojciszke<\/strong>, financed by Foundation for Polish Science<\/p>\n<p>ETIUDA 3 Grant <strong>&#8220;Psychological consequences of regulatory adjustment in the context of 2015-2016 organisation&#8221;<\/strong> (Columbia University, New York, PI: <strong>Roczniewska<\/strong>, financed by National Science Centre (NCN)<\/p>\n<p>The British Academy&#8217;s Research Awards <strong>&#8220;How to get women into engineering? The use of embodied cognition as a buffer against media-based prejudice&#8221;<\/strong>, (2015-2016 ), (PI of the Polish part of the project: <strong>Szymk\u00f3w-Sudziarska<\/strong>)<\/p>\n<p>The FRBN Grant <strong>&#8220;Implementation of the SONA system&#8221;<\/strong>, (2016-2018), (PI: <strong>Parzuchowski<\/strong>), financed by the SWPS University<\/p>\n<p>OPUS Grant <strong>Functionality of romantic love in an intercultural perspective<\/strong> (2014-2017) (PI: Sorokowski, main contractor: <strong>Wojciszke<\/strong>), financed by National Science Centre (NCN)<\/p>\n<p>OPUS Grant <strong>&#8220;Role of cognitive resources in the process of unconscious Grant of information processing&#8221;<\/strong> (2010-2012), (PI: Sterczy\u0144ski, contractor: <strong>Pop\u0142awska-Boruc<\/strong>),\u00a0 financed by National Science Centre (NCN)<\/p>\n<p>OPUS Grant <strong>Deprivation of control and (inter)group relations and political cognition<\/strong><strong>,<\/strong> 2015-2018 (PI: Kofta, contractor: <strong>Niemyjska<\/strong>),\u00a0 financed by National Science Centre (NCN)<\/p>\n","protected":false},"excerpt":{"rendered":"<p>Our research is financed by the National Science Centre, the Foundation for Polish Science and Deutsche Forschungsgemeinschaft (Germany). Current projects SONATA 17 Grant \u201cEgocentric judgements of moral character: Mechanisms, individual differences and debiasing strategies\u201d (2022-2025), (PI:\u00a0Bocian) financed by the National Science Centre (NCN) GRIEG Grant &#8220;Integrowanie psychologii z nauk\u0105 o rozwoju spo\u0142ecze\u0144stw: Badanie zale\u017cno\u015bci mi\u0119dzy &hellip; <\/p>\n<p class=\"link-more\"><a href=\"https:\/\/badania.net\/scl\/research-grants\/\" class=\"more-link\">Continue reading<span class=\"screen-reader-text\"> &#8220;Research Grants&#8221;<\/span><\/a><\/p>\n","protected":false},"author":9,"featured_media":0,"parent":0,"menu_order":0,"comment_status":"closed","ping_status":"closed","template":"","meta":{"footnotes":""},"class_list":["post-600","page","type-page","status-publish","hentry"],"_links":{"self":[{"href":"https:\/\/badania.net\/scl\/wp-json\/wp\/v2\/pages\/600","targetHints":{"allow":["GET"]}}],"collection":[{"href":"https:\/\/badania.net\/scl\/wp-json\/wp\/v2\/pages"}],"about":[{"href":"https:\/\/badania.net\/scl\/wp-json\/wp\/v2\/types\/page"}],"author":[{"embeddable":true,"href":"https:\/\/badania.net\/scl\/wp-json\/wp\/v2\/users\/9"}],"replies":[{"embeddable":true,"href":"https:\/\/badania.net\/scl\/wp-json\/wp\/v2\/comments?post=600"}],"version-history":[{"count":27,"href":"https:\/\/badania.net\/scl\/wp-json\/wp\/v2\/pages\/600\/revisions"}],"predecessor-version":[{"id":1060,"href":"https:\/\/badania.net\/scl\/wp-json\/wp\/v2\/pages\/600\/revisions\/1060"}],"wp:attachment":[{"href":"https:\/\/badania.net\/scl\/wp-json\/wp\/v2\/media?parent=600"}],"curies":[{"name":"wp","href":"https:\/\/api.w.org\/{rel}","templated":true}]}}